{"id":4972,"date":"2025-03-15T08:02:19","date_gmt":"2025-03-15T08:02:19","guid":{"rendered":"https:\/\/luisfernandoviancha.com\/?page_id=4972"},"modified":"2026-03-24T00:44:42","modified_gmt":"2026-03-24T00:44:42","slug":"desercion-en-educacion-superior","status":"publish","type":"page","link":"https:\/\/luisfernandoviancha.com\/index.php\/desercion-en-educacion-superior\/","title":{"rendered":"Deserci\u00f3n en educaci\u00f3n superior"},"content":{"rendered":"\t\t<div data-elementor-type=\"wp-page\" data-elementor-id=\"4972\" class=\"elementor elementor-4972\" data-elementor-post-type=\"page\">\n\t\t\t\t\t\t<section class=\"elementor-section elementor-top-section elementor-element elementor-element-6a8ac34 elementor-section-boxed elementor-section-height-default elementor-section-height-default\" data-id=\"6a8ac34\" data-element_type=\"section\" data-e-type=\"section\">\n\t\t\t\t\t\t<div class=\"elementor-container elementor-column-gap-default\">\n\t\t\t\t\t<div class=\"elementor-column elementor-col-100 elementor-top-column elementor-element elementor-element-dd773e2\" data-id=\"dd773e2\" data-element_type=\"column\" data-e-type=\"column\">\n\t\t\t<div class=\"elementor-widget-wrap elementor-element-populated\">\n\t\t\t\t\t\t<div class=\"elementor-element elementor-element-9df8465 elementor-headline--style-highlight elementor-widget elementor-widget-animated-headline\" data-id=\"9df8465\" data-element_type=\"widget\" data-e-type=\"widget\" data-settings=\"{&quot;highlighted_text&quot;:&quot;deserci\\u00f3n y permanencia en educaci\\u00f3n superior,&quot;,&quot;highlight_animation_duration&quot;:700,&quot;highlight_iteration_delay&quot;:6000,&quot;marker&quot;:&quot;curly&quot;,&quot;headline_style&quot;:&quot;highlight&quot;,&quot;loop&quot;:&quot;yes&quot;}\" data-widget_type=\"animated-headline.default\">\n\t\t\t\t<div class=\"elementor-widget-container\">\n\t\t\t\t\t\t\t<h3 class=\"elementor-headline\">\n\t\t\t\t\t<span class=\"elementor-headline-plain-text elementor-headline-text-wrapper\">An\u00e1lisis de los indicadores de<\/span>\n\t\t\t\t<span class=\"elementor-headline-dynamic-wrapper elementor-headline-text-wrapper\">\n\t\t\t\t\t<span class=\"elementor-headline-dynamic-text elementor-headline-text-active\">deserci\u00f3n y permanencia en educaci\u00f3n superior,<\/span>\n\t\t\t\t<\/span>\n\t\t\t\t\t<span class=\"elementor-headline-plain-text elementor-headline-text-wrapper\"> en Colombia<\/span>\n\t\t\t\t\t<\/h3>\n\t\t\t\t\t\t<\/div>\n\t\t\t\t<\/div>\n\t\t\t\t<div class=\"elementor-element elementor-element-b56c53e elementor-widget elementor-widget-spacer\" data-id=\"b56c53e\" data-element_type=\"widget\" data-e-type=\"widget\" data-widget_type=\"spacer.default\">\n\t\t\t\t<div class=\"elementor-widget-container\">\n\t\t\t\t\t\t\t<div class=\"elementor-spacer\">\n\t\t\t<div class=\"elementor-spacer-inner\"><\/div>\n\t\t<\/div>\n\t\t\t\t\t\t<\/div>\n\t\t\t\t<\/div>\n\t\t\t\t\t<\/div>\n\t\t<\/div>\n\t\t\t\t\t<\/div>\n\t\t<\/section>\n\t\t<div class=\"elementor-element elementor-element-47d9260 e-flex e-con-boxed e-con e-parent\" data-id=\"47d9260\" data-element_type=\"container\" data-e-type=\"container\">\n\t\t\t\t\t<div class=\"e-con-inner\">\n\t\t\t\t<div class=\"elementor-element elementor-element-d4dca6e elementor-widget__width-initial elementor-widget-divider--view-line elementor-widget elementor-widget-divider\" data-id=\"d4dca6e\" data-element_type=\"widget\" data-e-type=\"widget\" data-widget_type=\"divider.default\">\n\t\t\t\t<div class=\"elementor-widget-container\">\n\t\t\t\t\t\t\t<div class=\"elementor-divider\">\n\t\t\t<span class=\"elementor-divider-separator\">\n\t\t\t\t\t\t<\/span>\n\t\t<\/div>\n\t\t\t\t\t\t<\/div>\n\t\t\t\t<\/div>\n\t\t\t\t<div class=\"elementor-element elementor-element-c50a295 animated-slow elementor-invisible elementor-widget elementor-widget-heading\" data-id=\"c50a295\" data-element_type=\"widget\" data-e-type=\"widget\" data-settings=\"{&quot;_animation&quot;:&quot;fadeInLeft&quot;}\" data-widget_type=\"heading.default\">\n\t\t\t\t<div class=\"elementor-widget-container\">\n\t\t\t\t\t<div class=\"elementor-heading-title elementor-size-default\">Indicadores<\/div>\t\t\t\t<\/div>\n\t\t\t\t<\/div>\n\t\t\t\t<div class=\"elementor-element elementor-element-1febee5 elementor-widget elementor-widget-spacer\" data-id=\"1febee5\" data-element_type=\"widget\" data-e-type=\"widget\" data-widget_type=\"spacer.default\">\n\t\t\t\t<div class=\"elementor-widget-container\">\n\t\t\t\t\t\t\t<div class=\"elementor-spacer\">\n\t\t\t<div class=\"elementor-spacer-inner\"><\/div>\n\t\t<\/div>\n\t\t\t\t\t\t<\/div>\n\t\t\t\t<\/div>\n\t\t\t\t\t<\/div>\n\t\t\t\t<\/div>\n\t\t<div class=\"elementor-element elementor-element-644c618 e-con-full animated-slow e-flex elementor-invisible e-con e-parent\" data-id=\"644c618\" data-element_type=\"container\" data-e-type=\"container\" data-settings=\"{&quot;animation&quot;:&quot;fadeIn&quot;}\">\n\t\t<div class=\"elementor-element elementor-element-709aa8f e-con-full e-flex e-con e-child\" data-id=\"709aa8f\" data-element_type=\"container\" data-e-type=\"container\">\n\t\t<div class=\"elementor-element elementor-element-e00817e e-con-full e-flex e-con e-child\" data-id=\"e00817e\" data-element_type=\"container\" data-e-type=\"container\">\n\t\t\t\t<div class=\"elementor-element elementor-element-8249382 animated-slow elementor-invisible elementor-widget elementor-widget-heading\" data-id=\"8249382\" data-element_type=\"widget\" data-e-type=\"widget\" data-settings=\"{&quot;_animation&quot;:&quot;fadeInLeft&quot;}\" data-widget_type=\"heading.default\">\n\t\t\t\t<div class=\"elementor-widget-container\">\n\t\t\t\t\t<div class=\"elementor-heading-title elementor-size-default\">Tasa de Ausencia Inter-semestral (TAI)<\/div>\t\t\t\t<\/div>\n\t\t\t\t<\/div>\n\t\t<div class=\"elementor-element elementor-element-d338916 e-flex e-con-boxed e-con e-child\" data-id=\"d338916\" data-element_type=\"container\" data-e-type=\"container\">\n\t\t\t\t\t<div class=\"e-con-inner\">\n\t\t\t\t<div class=\"elementor-element elementor-element-b997e1d elementor-widget__width-initial elementor-widget elementor-widget-text-editor\" data-id=\"b997e1d\" data-element_type=\"widget\" data-e-type=\"widget\" data-widget_type=\"text-editor.default\">\n\t\t\t\t<div class=\"elementor-widget-container\">\n\t\t\t\t\t\t\t\t\t<h3 class=\"elementor-heading-title elementor-size-default elementor-inline-editing pen\" contenteditable=\"true\" data-elementor-setting-key=\"title\" data-pen-placeholder=\"Teclea aqu\u00ed...\">Proporci\u00f3n de estudiantes que estando matriculados en el periodo t-1 que son clasificados como ausentes en el per\u00edodo t.<\/h3>\t\t\t\t\t\t\t\t<\/div>\n\t\t\t\t<\/div>\n\t\t\t\t\t<\/div>\n\t\t\t\t<\/div>\n\t\t\t\t<\/div>\n\t\t<div class=\"elementor-element elementor-element-17e6e4f e-con-full e-flex e-con e-child\" data-id=\"17e6e4f\" data-element_type=\"container\" data-e-type=\"container\">\n\t\t\t\t<div class=\"elementor-element elementor-element-be4f4a2 animated-slow elementor-invisible elementor-widget elementor-widget-heading\" data-id=\"be4f4a2\" data-element_type=\"widget\" data-e-type=\"widget\" data-settings=\"{&quot;_animation&quot;:&quot;fadeInLeft&quot;}\" data-widget_type=\"heading.default\">\n\t\t\t\t<div class=\"elementor-widget-container\">\n\t\t\t\t\t<div class=\"elementor-heading-title elementor-size-default\">Tasa de Deserci\u00f3n <br>por Cohorte Promedio Acumulada (TDCA)<\/div>\t\t\t\t<\/div>\n\t\t\t\t<\/div>\n\t\t<div class=\"elementor-element elementor-element-a854a20 e-con-full e-flex e-con e-child\" data-id=\"a854a20\" data-element_type=\"container\" data-e-type=\"container\">\n\t\t\t\t<div class=\"elementor-element elementor-element-3254364 elementor-widget__width-inherit elementor-widget elementor-widget-text-editor\" data-id=\"3254364\" data-element_type=\"widget\" data-e-type=\"widget\" data-widget_type=\"text-editor.default\">\n\t\t\t\t<div class=\"elementor-widget-container\">\n\t\t\t\t\t\t\t\t\t<h3 class=\"elementor-heading-title elementor-size-default elementor-inline-editing pen\" contenteditable=\"true\" data-elementor-setting-key=\"title\" data-pen-placeholder=\"Teclea aqu\u00ed...\">Porcentaje del conteo acumulado de desertores hasta un semestre determinado de todas las cohortes que tienen hasta ese semestre, sobre la totalidad de prim\u00edparos de dichas cohortes.<\/h3>\t\t\t\t\t\t\t\t<\/div>\n\t\t\t\t<\/div>\n\t\t\t\t<\/div>\n\t\t\t\t<\/div>\n\t\t<div class=\"elementor-element elementor-element-1992830 e-con-full e-flex e-con e-child\" data-id=\"1992830\" data-element_type=\"container\" data-e-type=\"container\">\n\t\t\t\t<div class=\"elementor-element elementor-element-7e9f84d animated-slow elementor-widget__width-initial elementor-invisible elementor-widget elementor-widget-heading\" data-id=\"7e9f84d\" data-element_type=\"widget\" data-e-type=\"widget\" data-settings=\"{&quot;_animation&quot;:&quot;fadeInLeft&quot;}\" data-widget_type=\"heading.default\">\n\t\t\t\t<div class=\"elementor-widget-container\">\n\t\t\t\t\t<div class=\"elementor-heading-title elementor-size-default\">Tasa <br>de Graduaci\u00f3n Acumulada (TGA)<\/div>\t\t\t\t<\/div>\n\t\t\t\t<\/div>\n\t\t<div class=\"elementor-element elementor-element-992c956 e-flex e-con-boxed e-con e-child\" data-id=\"992c956\" data-element_type=\"container\" data-e-type=\"container\">\n\t\t\t\t\t<div class=\"e-con-inner\">\n\t\t\t\t<div class=\"elementor-element elementor-element-d48edf6 elementor-widget__width-inherit elementor-widget elementor-widget-text-editor\" data-id=\"d48edf6\" data-element_type=\"widget\" data-e-type=\"widget\" data-widget_type=\"text-editor.default\">\n\t\t\t\t<div class=\"elementor-widget-container\">\n\t\t\t\t\t\t\t\t\t<h3 class=\"elementor-heading-title elementor-size-default elementor-inline-editing pen\" contenteditable=\"true\" data-elementor-setting-key=\"title\" data-pen-placeholder=\"Teclea aqu\u00ed...\">Porcentaje del n\u00famero de graduados hasta un semestre determinado, sobre el total de prim\u00edparos de todas las cohortes.<\/h3>\t\t\t\t\t\t\t\t<\/div>\n\t\t\t\t<\/div>\n\t\t\t\t\t<\/div>\n\t\t\t\t<\/div>\n\t\t\t\t<\/div>\n\t\t\t\t<\/div>\n\t\t<div class=\"elementor-element elementor-element-3453d12 e-con-full e-flex e-con e-child\" data-id=\"3453d12\" data-element_type=\"container\" data-e-type=\"container\">\n\t\t\t\t<div class=\"elementor-element elementor-element-6b4e832 animated-slow elementor-invisible elementor-widget elementor-widget-heading\" data-id=\"6b4e832\" data-element_type=\"widget\" data-e-type=\"widget\" data-settings=\"{&quot;_animation&quot;:&quot;fadeInLeft&quot;}\" data-widget_type=\"heading.default\">\n\t\t\t\t<div class=\"elementor-widget-container\">\n\t\t\t\t\t<div class=\"elementor-heading-title elementor-size-default\">Tasa de Deserci\u00f3n Anual (TD)<\/div>\t\t\t\t<\/div>\n\t\t\t\t<\/div>\n\t\t<div class=\"elementor-element elementor-element-6181247 e-flex e-con-boxed e-con e-child\" data-id=\"6181247\" data-element_type=\"container\" data-e-type=\"container\">\n\t\t\t\t\t<div class=\"e-con-inner\">\n\t\t\t\t<div class=\"elementor-element elementor-element-ac20594 elementor-widget__width-inherit elementor-widget elementor-widget-text-editor\" data-id=\"ac20594\" data-element_type=\"widget\" data-e-type=\"widget\" data-widget_type=\"text-editor.default\">\n\t\t\t\t<div class=\"elementor-widget-container\">\n\t\t\t\t\t\t\t\t\t<h3 class=\"elementor-heading-title elementor-size-default elementor-inline-editing pen\" contenteditable=\"true\" data-elementor-setting-key=\"title\" data-pen-placeholder=\"Teclea aqu\u00ed...\"><a href=\"https:\/\/www.mineducacion.gov.co\/sistemasinfo\/spadies\/\">Porcentaje de estudiantes que son identificados como desertores en un periodo y que estuvieron matriculados dos periodos antes.<\/a><\/h3>\t\t\t\t\t\t\t\t<\/div>\n\t\t\t\t<\/div>\n\t\t\t\t\t<\/div>\n\t\t\t\t<\/div>\n\t\t\t\t<\/div>\n\t\t\t\t<\/div>\n\t\t<div class=\"elementor-element elementor-element-68bb767 e-flex e-con-boxed e-con e-parent\" data-id=\"68bb767\" data-element_type=\"container\" data-e-type=\"container\">\n\t\t\t\t\t<div class=\"e-con-inner\">\n\t\t\t\t<div class=\"elementor-element elementor-element-20ede14 elementor-widget-divider--view-line elementor-widget elementor-widget-divider\" data-id=\"20ede14\" data-element_type=\"widget\" data-e-type=\"widget\" data-widget_type=\"divider.default\">\n\t\t\t\t<div class=\"elementor-widget-container\">\n\t\t\t\t\t\t\t<div class=\"elementor-divider\">\n\t\t\t<span class=\"elementor-divider-separator\">\n\t\t\t\t\t\t<\/span>\n\t\t<\/div>\n\t\t\t\t\t\t<\/div>\n\t\t\t\t<\/div>\n\t\t\t\t<div class=\"elementor-element elementor-element-fc68563 animated-slow elementor-invisible elementor-widget elementor-widget-heading\" data-id=\"fc68563\" data-element_type=\"widget\" data-e-type=\"widget\" data-settings=\"{&quot;_animation&quot;:&quot;fadeInLeft&quot;}\" data-widget_type=\"heading.default\">\n\t\t\t\t<div class=\"elementor-widget-container\">\n\t\t\t\t\t<div class=\"elementor-heading-title elementor-size-default\">El ejercicio ciudadano<\/div>\t\t\t\t<\/div>\n\t\t\t\t<\/div>\n\t\t\t\t<div class=\"elementor-element elementor-element-8ee56be elementor-widget__width-initial elementor-widget elementor-widget-text-editor\" data-id=\"8ee56be\" data-element_type=\"widget\" data-e-type=\"widget\" data-widget_type=\"text-editor.default\">\n\t\t\t\t<div class=\"elementor-widget-container\">\n\t\t\t\t\t\t\t\t\t<p>Con respecto a los indicadores de deserci\u00f3n y permanencia\u00a0 en educaci\u00f3n Superior de\u00a0 Colombia,\u00a0 el Sistema para la Prevenci\u00f3n de la Deserci\u00f3n en las Instituciones de Educaci\u00f3n Superior &#8211;<a href=\"https:\/\/www.mineducacion.gov.co\/sistemasinfo\/spadies\/\"> SPADIES<\/a>\u00a0 proporciona datos relacionados.\u00a0 Para este ejercicio se realiz\u00f3 un consolidado de las bases publicadas por SPADIES con el fin de realizar un an\u00e1lisis a nivel de pa\u00eds, departamento e Instituciones de Educaci\u00f3n Superior (IES).\u00a0<\/p>\t\t\t\t\t\t\t\t<\/div>\n\t\t\t\t<\/div>\n\t\t\t\t<div class=\"elementor-element elementor-element-1fb94b7 elementor-widget-divider--view-line elementor-widget elementor-widget-divider\" data-id=\"1fb94b7\" data-element_type=\"widget\" data-e-type=\"widget\" data-widget_type=\"divider.default\">\n\t\t\t\t<div class=\"elementor-widget-container\">\n\t\t\t\t\t\t\t<div class=\"elementor-divider\">\n\t\t\t<span class=\"elementor-divider-separator\">\n\t\t\t\t\t\t<\/span>\n\t\t<\/div>\n\t\t\t\t\t\t<\/div>\n\t\t\t\t<\/div>\n\t\t\t\t<div class=\"elementor-element elementor-element-ea18c13 elementor--h-position-center elementor--v-position-middle elementor-arrows-position-inside elementor-pagination-position-inside elementor-widget elementor-widget-slides\" data-id=\"ea18c13\" data-element_type=\"widget\" data-e-type=\"widget\" data-settings=\"{&quot;navigation&quot;:&quot;both&quot;,&quot;autoplay&quot;:&quot;yes&quot;,&quot;pause_on_hover&quot;:&quot;yes&quot;,&quot;pause_on_interaction&quot;:&quot;yes&quot;,&quot;autoplay_speed&quot;:5000,&quot;infinite&quot;:&quot;yes&quot;,&quot;transition&quot;:&quot;slide&quot;,&quot;transition_speed&quot;:500}\" data-widget_type=\"slides.default\">\n\t\t\t\t<div class=\"elementor-widget-container\">\n\t\t\t\t\t\t\t\t\t<div class=\"elementor-swiper\">\n\t\t\t\t\t<div class=\"elementor-slides-wrapper elementor-main-swiper swiper\" role=\"region\" aria-roledescription=\"carousel\" aria-label=\"Slides\" dir=\"ltr\" data-animation=\"fadeInUp\">\n\t\t\t\t<div class=\"swiper-wrapper elementor-slides\">\n\t\t\t\t\t\t\t\t\t\t<div class=\"elementor-repeater-item-3416303 swiper-slide\" role=\"group\" aria-roledescription=\"slide\"><div class=\"swiper-slide-bg\" role=\"img\" aria-label=\"2\"><\/div><div class=\"swiper-slide-inner\" ><div class=\"swiper-slide-contents\"><div class=\"elementor-slide-heading\">La deserci\u00f3n en programas universitarios es mayor en hombres (8,5%) frente a las mujeres (7,2%), esta misma tendencia se presenta en programas t\u00e9cnicos y tecnol\u00f3gicos (15,6% de los hombres desertaron con relaci\u00f3n al 14,2% de las mujeres).<\/div><div class=\"elementor-slide-description\">La tasa de Deserci\u00f3n Anual (TD) mide el porcentaje de estudiantes que son identificados como desertores en un periodo y que estuvieron matriculados dos periodos antes. Datos 2023. SPADIES<\/div><\/div><\/div><\/div><div class=\"elementor-repeater-item-5dd05ac swiper-slide\" role=\"group\" aria-roledescription=\"slide\"><div class=\"swiper-slide-bg\" role=\"img\" aria-label=\"1\"><\/div><div class=\"swiper-slide-inner\" ><div class=\"swiper-slide-contents\"><div class=\"elementor-slide-heading\">La deserci\u00f3n en mayor en estudiantes de carreras profesionales en Universidades privadas (8,65%) frente a estudiantes que accedieron a Universidades p\u00fablicas (6,8%). Esta tendencia es significativa en los programas t\u00e9cnicos y tecnol\u00f3gicos (mientras el 12% de los estudiantes desertaron del sector oficial, el 17% lo hizo de universidades privadas).<\/div><\/div><\/div><\/div><div class=\"elementor-repeater-item-2a289d8 swiper-slide\" role=\"group\" aria-roledescription=\"slide\"><div class=\"swiper-slide-bg\" role=\"img\" aria-label=\"2\"><\/div><div class=\"swiper-slide-inner\" ><div class=\"swiper-slide-contents\"><div class=\"elementor-slide-heading\">La deserci\u00f3n en programas universitarios es mayor en programas con metodolog\u00eda virtual (13,8%) frente a programas impartidos presencialmente (6,48%)<\/div><\/div><\/div><\/div><div class=\"elementor-repeater-item-c534766 swiper-slide\" role=\"group\" aria-roledescription=\"slide\"><div class=\"swiper-slide-bg\" role=\"img\" aria-label=\"Imagen1\"><\/div><div class=\"swiper-slide-inner\" ><div class=\"swiper-slide-contents\"><div class=\"elementor-slide-heading\">En los programas universitarios del \u00e1rea de conocimiento de Econom\u00eda, administraci\u00f3n, contadur\u00eda y afines, la deserci\u00f3n  fue del 10,1% (en 2023), esta tendencia es similar en el nivel de formaci\u00f3n t\u00e9cnico y tecnol\u00f3gico con una tasa de 16.9%<\/div><\/div><\/div><\/div><div class=\"elementor-repeater-item-45685e0 swiper-slide\" role=\"group\" aria-roledescription=\"slide\"><div class=\"swiper-slide-bg\" role=\"img\" aria-label=\"Imagen2\"><\/div><div class=\"swiper-slide-inner\" ><div class=\"swiper-slide-contents\"><div class=\"elementor-slide-heading\">En t\u00e9rminos territoriales, los departamentos del Vaup\u00e9s (26,2%), Amazonas (20,9%), Vichada (14,9%)  y Guain\u00eda (13%) presentaron los mayores indicadores de deserci\u00f3n en programas universitarios.<\/div><\/div><\/div><\/div><div class=\"elementor-repeater-item-015f5ed swiper-slide\" role=\"group\" aria-roledescription=\"slide\"><div class=\"swiper-slide-bg\"><\/div><div class=\"swiper-slide-inner\" ><div class=\"swiper-slide-contents\"><div class=\"elementor-slide-heading\">Consultando este espacio los usuarios de informaci\u00f3n tambi\u00e9n pueden identificar las tendencias en:<\/div><div class=\"elementor-slide-description\">\n-\tLa Tasa de Ausencia Intersemestral (TAI).\n-\tLa Tasa de Deserci\u00f3n por Cohorte Promedio Acumulada (TDCA)\n-\tTasa de Graduaci\u00f3n Acumulada (TGA)\nLa informaci\u00f3n se presenta a nivel de las siguientes variables:\n-\tSexo\n-\tNivel de formaci\u00f3n\n-\t\u00c1rea de conocimiento\n-\tDepartamento\n-\tInstituci\u00f3n de Educaci\u00f3n Superior\nEn el producto se pueden obtener:\n-\tInfograf\u00edas territoriales\n-\tComparativos por variables, instituci\u00f3n de educaci\u00f3n superior y anualidad\n<\/div><\/div><\/div><\/div>\t\t\t\t<\/div>\n\t\t\t\t\t\t\t\t\t\t\t\t\t\t\t<div class=\"elementor-swiper-button elementor-swiper-button-prev\" role=\"button\" tabindex=\"0\" aria-label=\"Diapositiva anterior\">\n\t\t\t\t\t\t\t<svg aria-hidden=\"true\" class=\"e-font-icon-svg e-eicon-chevron-left\" viewBox=\"0 0 1000 1000\" xmlns=\"http:\/\/www.w3.org\/2000\/svg\"><path d=\"M646 125C629 125 613 133 604 142L308 442C296 454 292 471 292 487 292 504 296 521 308 533L604 854C617 867 629 875 646 875 663 875 679 871 692 858 704 846 713 829 713 812 713 796 708 779 692 767L438 487 692 225C700 217 708 204 708 187 708 171 704 154 692 142 675 129 663 125 646 125Z\"><\/path><\/svg>\t\t\t\t\t\t<\/div>\n\t\t\t\t\t\t<div class=\"elementor-swiper-button elementor-swiper-button-next\" role=\"button\" tabindex=\"0\" aria-label=\"Diapositiva siguiente\">\n\t\t\t\t\t\t\t<svg aria-hidden=\"true\" class=\"e-font-icon-svg e-eicon-chevron-right\" viewBox=\"0 0 1000 1000\" xmlns=\"http:\/\/www.w3.org\/2000\/svg\"><path d=\"M696 533C708 521 713 504 713 487 713 471 708 454 696 446L400 146C388 133 375 125 354 125 338 125 325 129 313 142 300 154 292 171 292 187 292 204 296 221 308 233L563 492 304 771C292 783 288 800 288 817 288 833 296 850 308 863 321 871 338 875 354 875 371 875 388 867 400 854L696 533Z\"><\/path><\/svg>\t\t\t\t\t\t<\/div>\n\t\t\t\t\t\t\t\t\t\t\t\t\t\t\t\t<div class=\"swiper-pagination\"><\/div>\n\t\t\t\t\t\t\t\t\t\t\t\t<\/div>\n\t\t\t\t<\/div>\n\t\t\t\t\t\t\t\t<\/div>\n\t\t\t\t<\/div>\n\t\t\t\t<div class=\"elementor-element elementor-element-bbb0d49 elementor-widget-divider--view-line elementor-widget elementor-widget-divider\" data-id=\"bbb0d49\" data-element_type=\"widget\" data-e-type=\"widget\" data-widget_type=\"divider.default\">\n\t\t\t\t<div class=\"elementor-widget-container\">\n\t\t\t\t\t\t\t<div class=\"elementor-divider\">\n\t\t\t<span class=\"elementor-divider-separator\">\n\t\t\t\t\t\t<\/span>\n\t\t<\/div>\n\t\t\t\t\t\t<\/div>\n\t\t\t\t<\/div>\n\t\t\t\t<div class=\"elementor-element elementor-element-ec6d537 elementor-widget elementor-widget-heading\" data-id=\"ec6d537\" data-element_type=\"widget\" data-e-type=\"widget\" data-widget_type=\"heading.default\">\n\t\t\t\t<div class=\"elementor-widget-container\">\n\t\t\t\t\t<h2 class=\"elementor-heading-title elementor-size-default\">Tablero. An\u00e1lisis de los indicadores de deserci\u00f3n y permanencia en educaci\u00f3n superior por departamentos e IES <\/h2>\t\t\t\t<\/div>\n\t\t\t\t<\/div>\n\t\t\t\t\t<\/div>\n\t\t\t\t<\/div>\n\t\t<div class=\"elementor-element elementor-element-5f486c5 e-flex e-con-boxed e-con e-parent\" data-id=\"5f486c5\" data-element_type=\"container\" data-e-type=\"container\">\n\t\t\t\t\t<div class=\"e-con-inner\">\n\t\t\t\t<div class=\"elementor-element elementor-element-f43e781 elementor-widget elementor-widget-html\" data-id=\"f43e781\" data-element_type=\"widget\" data-e-type=\"widget\" data-widget_type=\"html.default\">\n\t\t\t\t<div class=\"elementor-widget-container\">\n\t\t\t\t\t<iframe width=\"1750\" height=\"650\" src=\"https:\/\/lookerstudio.google.com\/embed\/reporting\/8217b1be-96f7-4ba9-a491-1da39055445d\/page\/08xFF\" frameborder=\"0\" style=\"border:0\" allowfullscreen sandbox=\"allow-storage-access-by-user-activation allow-scripts allow-same-origin allow-popups allow-popups-to-escape-sandbox\"><\/iframe>\t\t\t\t<\/div>\n\t\t\t\t<\/div>\n\t\t\t\t\t<\/div>\n\t\t\t\t<\/div>\n\t\t\t\t<\/div>\n\t\t","protected":false},"excerpt":{"rendered":"<p>An\u00e1lisis de los indicadores de deserci\u00f3n y permanencia en educaci\u00f3n superior, en Colombia Indicadores Tasa de Ausencia Inter-semestral (TAI) Proporci\u00f3n de estudiantes que estando matriculados en el periodo t-1 que son clasificados como ausentes en el per\u00edodo t. Tasa de Deserci\u00f3n por Cohorte Promedio Acumulada (TDCA) Porcentaje del conteo acumulado de desertores hasta un semestre &hellip; <\/p>\n<p class=\"link-more\"><a href=\"https:\/\/luisfernandoviancha.com\/index.php\/desercion-en-educacion-superior\/\" class=\"more-link\">Continuar leyendo<span class=\"screen-reader-text\"> \u00abDeserci\u00f3n en educaci\u00f3n superior\u00bb<\/span><\/a><\/p>\n","protected":false},"author":1,"featured_media":0,"parent":0,"menu_order":0,"comment_status":"closed","ping_status":"closed","template":"elementor_header_footer","meta":{"footnotes":""},"class_list":["post-4972","page","type-page","status-publish","hentry"],"_links":{"self":[{"href":"https:\/\/luisfernandoviancha.com\/index.php\/wp-json\/wp\/v2\/pages\/4972","targetHints":{"allow":["GET"]}}],"collection":[{"href":"https:\/\/luisfernandoviancha.com\/index.php\/wp-json\/wp\/v2\/pages"}],"about":[{"href":"https:\/\/luisfernandoviancha.com\/index.php\/wp-json\/wp\/v2\/types\/page"}],"author":[{"embeddable":true,"href":"https:\/\/luisfernandoviancha.com\/index.php\/wp-json\/wp\/v2\/users\/1"}],"replies":[{"embeddable":true,"href":"https:\/\/luisfernandoviancha.com\/index.php\/wp-json\/wp\/v2\/comments?post=4972"}],"version-history":[{"count":148,"href":"https:\/\/luisfernandoviancha.com\/index.php\/wp-json\/wp\/v2\/pages\/4972\/revisions"}],"predecessor-version":[{"id":11706,"href":"https:\/\/luisfernandoviancha.com\/index.php\/wp-json\/wp\/v2\/pages\/4972\/revisions\/11706"}],"wp:attachment":[{"href":"https:\/\/luisfernandoviancha.com\/index.php\/wp-json\/wp\/v2\/media?parent=4972"}],"curies":[{"name":"wp","href":"https:\/\/api.w.org\/{rel}","templated":true}]}}