{"id":2433,"date":"2021-05-27T21:24:58","date_gmt":"2021-05-27T21:24:58","guid":{"rendered":"https:\/\/luisfernandoviancha.com\/?page_id=2433"},"modified":"2025-03-18T13:28:36","modified_gmt":"2025-03-18T13:28:36","slug":"tasa-de-cobertura-bruta","status":"publish","type":"page","link":"https:\/\/luisfernandoviancha.com\/index.php\/tasa-de-cobertura-bruta\/","title":{"rendered":"Tasa de Cobertura Bruta"},"content":{"rendered":"\t\t<div data-elementor-type=\"wp-page\" data-elementor-id=\"2433\" class=\"elementor elementor-2433\" data-elementor-post-type=\"page\">\n\t\t\t\t\t\t<section class=\"elementor-section elementor-top-section elementor-element elementor-element-c49f95d elementor-section-boxed elementor-section-height-default elementor-section-height-default\" data-id=\"c49f95d\" data-element_type=\"section\" data-e-type=\"section\">\n\t\t\t\t\t\t<div class=\"elementor-container elementor-column-gap-default\">\n\t\t\t\t\t<div class=\"elementor-column elementor-col-100 elementor-top-column elementor-element elementor-element-bd1c967\" data-id=\"bd1c967\" data-element_type=\"column\" data-e-type=\"column\">\n\t\t\t<div class=\"elementor-widget-wrap elementor-element-populated\">\n\t\t\t\t\t\t<div class=\"elementor-element elementor-element-96e547d elementor-headline--style-highlight elementor-widget elementor-widget-animated-headline\" data-id=\"96e547d\" data-element_type=\"widget\" data-e-type=\"widget\" data-settings=\"{&quot;highlighted_text&quot;:&quot;cobertura bruta en educaci\\u00f3n superior&quot;,&quot;highlight_animation_duration&quot;:700,&quot;highlight_iteration_delay&quot;:6000,&quot;marker&quot;:&quot;curly&quot;,&quot;headline_style&quot;:&quot;highlight&quot;,&quot;loop&quot;:&quot;yes&quot;}\" data-widget_type=\"animated-headline.default\">\n\t\t\t\t<div class=\"elementor-widget-container\">\n\t\t\t\t\t\t\t<h3 class=\"elementor-headline\">\n\t\t\t\t\t<span class=\"elementor-headline-plain-text elementor-headline-text-wrapper\">An\u00e1lisis de la tasa de <\/span>\n\t\t\t\t<span class=\"elementor-headline-dynamic-wrapper elementor-headline-text-wrapper\">\n\t\t\t\t\t<span class=\"elementor-headline-dynamic-text elementor-headline-text-active\">cobertura bruta en educaci\u00f3n superior<\/span>\n\t\t\t\t<\/span>\n\t\t\t\t\t<span class=\"elementor-headline-plain-text elementor-headline-text-wrapper\"> en Colombia<\/span>\n\t\t\t\t\t<\/h3>\n\t\t\t\t\t\t<\/div>\n\t\t\t\t<\/div>\n\t\t\t\t<div class=\"elementor-element elementor-element-b0d6153 elementor-widget elementor-widget-spacer\" data-id=\"b0d6153\" data-element_type=\"widget\" data-e-type=\"widget\" data-widget_type=\"spacer.default\">\n\t\t\t\t<div class=\"elementor-widget-container\">\n\t\t\t\t\t\t\t<div class=\"elementor-spacer\">\n\t\t\t<div class=\"elementor-spacer-inner\"><\/div>\n\t\t<\/div>\n\t\t\t\t\t\t<\/div>\n\t\t\t\t<\/div>\n\t\t\t\t\t<\/div>\n\t\t<\/div>\n\t\t\t\t\t<\/div>\n\t\t<\/section>\n\t\t<div class=\"elementor-element elementor-element-a96a0f7 e-con-full animated-slow e-flex elementor-invisible e-con e-parent\" data-id=\"a96a0f7\" data-element_type=\"container\" data-e-type=\"container\" data-settings=\"{&quot;animation&quot;:&quot;fadeIn&quot;}\">\n\t\t<div class=\"elementor-element elementor-element-3f2b133 e-con-full e-flex e-con e-child\" data-id=\"3f2b133\" data-element_type=\"container\" data-e-type=\"container\">\n\t\t<div class=\"elementor-element elementor-element-945f4c0 e-con-full e-flex e-con e-child\" data-id=\"945f4c0\" data-element_type=\"container\" data-e-type=\"container\">\n\t\t\t\t<div class=\"elementor-element elementor-element-7617e3b animated-slow elementor-invisible elementor-widget elementor-widget-heading\" data-id=\"7617e3b\" data-element_type=\"widget\" data-e-type=\"widget\" data-settings=\"{&quot;_animation&quot;:&quot;fadeInLeft&quot;}\" data-widget_type=\"heading.default\">\n\t\t\t\t<div class=\"elementor-widget-container\">\n\t\t\t\t\t<div class=\"elementor-heading-title elementor-size-default\">El indicador<\/div>\t\t\t\t<\/div>\n\t\t\t\t<\/div>\n\t\t<div class=\"elementor-element elementor-element-4782f14 e-flex e-con-boxed e-con e-child\" data-id=\"4782f14\" data-element_type=\"container\" data-e-type=\"container\">\n\t\t\t\t\t<div class=\"e-con-inner\">\n\t\t\t\t<div class=\"elementor-element elementor-element-1e6e985 elementor-widget__width-inherit elementor-widget elementor-widget-text-editor\" data-id=\"1e6e985\" data-element_type=\"widget\" data-e-type=\"widget\" data-widget_type=\"text-editor.default\">\n\t\t\t\t<div class=\"elementor-widget-container\">\n\t\t\t\t\t\t\t\t\t<h3 class=\"elementor-heading-title elementor-size-default elementor-inline-editing pen\" contenteditable=\"true\" data-elementor-setting-key=\"title\" data-pen-placeholder=\"Teclea aqu\u00ed...\"><a href=\"https:\/\/snies.mineducacion.gov.co\/portal\/\">La tasa de cobertura bruta en educaci\u00f3n superior muestra la relaci\u00f3n entre los alumnos matriculados en el nivel de pregrado (t\u00e9cnico profesional, tecnol\u00f3gico y universitario), por tanto, mide la participaci\u00f3n de los j\u00f3venes y adultos que se encuentran efectivamente cursando un programa de formaci\u00f3n en educaci\u00f3n superior en la oferta en programas de educaci\u00f3n superior del territorio<\/a><\/h3>\t\t\t\t\t\t\t\t<\/div>\n\t\t\t\t<\/div>\n\t\t\t\t\t<\/div>\n\t\t\t\t<\/div>\n\t\t\t\t<\/div>\n\t\t<div class=\"elementor-element elementor-element-4919d22 e-con-full e-flex e-con e-child\" data-id=\"4919d22\" data-element_type=\"container\" data-e-type=\"container\">\n\t\t\t\t<div class=\"elementor-element elementor-element-bb362bd animated-slow elementor-invisible elementor-widget elementor-widget-heading\" data-id=\"bb362bd\" data-element_type=\"widget\" data-e-type=\"widget\" data-settings=\"{&quot;_animation&quot;:&quot;fadeInLeft&quot;}\" data-widget_type=\"heading.default\">\n\t\t\t\t<div class=\"elementor-widget-container\">\n\t\t\t\t\t<div class=\"elementor-heading-title elementor-size-default\">C\u00e1lculo del indicador<\/div>\t\t\t\t<\/div>\n\t\t\t\t<\/div>\n\t\t<div class=\"elementor-element elementor-element-c6b3286 e-flex e-con-boxed e-con e-child\" data-id=\"c6b3286\" data-element_type=\"container\" data-e-type=\"container\">\n\t\t\t\t\t<div class=\"e-con-inner\">\n\t\t\t\t<div class=\"elementor-element elementor-element-587d2a4 elementor-widget__width-inherit elementor-widget elementor-widget-text-editor\" data-id=\"587d2a4\" data-element_type=\"widget\" data-e-type=\"widget\" data-widget_type=\"text-editor.default\">\n\t\t\t\t<div class=\"elementor-widget-container\">\n\t\t\t\t\t\t\t\t\t<h3 class=\"elementor-heading-title elementor-size-default elementor-inline-editing pen\" contenteditable=\"true\" data-elementor-setting-key=\"title\" data-pen-placeholder=\"Teclea aqu\u00ed...\">Alumnos matriculados en el nivel de pregrado en programas de educaci\u00f3n superior que oferta el territorio sobre la poblaci\u00f3n proyectada entre 17 y 21 a\u00f1os de acuerdo con la informaci\u00f3n del DANE y las proyecciones de poblaci\u00f3n con base en el Censo Nacional de Poblaci\u00f3n y Vivienda (CNPV) 2018 ajustadas post Covid a partir de 2020.<\/h3>\t\t\t\t\t\t\t\t<\/div>\n\t\t\t\t<\/div>\n\t\t\t\t\t<\/div>\n\t\t\t\t<\/div>\n\t\t\t\t<\/div>\n\t\t<div class=\"elementor-element elementor-element-3d88c34 e-con-full e-flex e-con e-child\" data-id=\"3d88c34\" data-element_type=\"container\" data-e-type=\"container\">\n\t\t<div class=\"elementor-element elementor-element-3db9a4b e-flex e-con-boxed e-con e-child\" data-id=\"3db9a4b\" data-element_type=\"container\" data-e-type=\"container\">\n\t\t\t\t\t<div class=\"e-con-inner\">\n\t\t\t\t<div class=\"elementor-element elementor-element-2c585a5 elementor-widget__width-inherit elementor-widget elementor-widget-text-editor\" data-id=\"2c585a5\" data-element_type=\"widget\" data-e-type=\"widget\" data-widget_type=\"text-editor.default\">\n\t\t\t\t<div class=\"elementor-widget-container\">\n\t\t\t\t\t\t\t\t\t<p><strong>El ejercicio ciudadano<\/strong><\/p><p>\u00a0<\/p>\t\t\t\t\t\t\t\t<\/div>\n\t\t\t\t<\/div>\n\t\t\t\t<div class=\"elementor-element elementor-element-b1f47b4 elementor-widget__width-inherit elementor-widget elementor-widget-text-editor\" data-id=\"b1f47b4\" data-element_type=\"widget\" data-e-type=\"widget\" data-widget_type=\"text-editor.default\">\n\t\t\t\t<div class=\"elementor-widget-container\">\n\t\t\t\t\t\t\t\t\t<p>Con respecto al indicador de la Tasa de Cobertura Bruta en Superior en\u00a0 Colombia, en el Sistema Nacional de Informaci\u00f3n de Educaci\u00f3n Superior (SNIES) se puede consultar y descargar\u00a0 informes de cada departamentos del pa\u00eds, no obstante, para este ejercicio de datos abiertos se realiz\u00f3 un consolidado de la totalidad de las bases que dan cuenta de 32 Departamentos, 1.122 municipios y el Distrito Capital para realizar el an\u00e1lisis y correlaci\u00f3n que a continuaci\u00f3n se presenta:<\/p>\t\t\t\t\t\t\t\t<\/div>\n\t\t\t\t<\/div>\n\t\t\t\t\t<\/div>\n\t\t\t\t<\/div>\n\t\t\t\t<\/div>\n\t\t\t\t<\/div>\n\t\t\t\t<\/div>\n\t\t<div class=\"elementor-element elementor-element-cdb2644 e-flex e-con-boxed e-con e-parent\" data-id=\"cdb2644\" data-element_type=\"container\" data-e-type=\"container\">\n\t\t\t\t\t<div class=\"e-con-inner\">\n\t\t\t\t<div class=\"elementor-element elementor-element-e28cc23 elementor-widget-divider--view-line elementor-widget elementor-widget-divider\" data-id=\"e28cc23\" data-element_type=\"widget\" data-e-type=\"widget\" data-widget_type=\"divider.default\">\n\t\t\t\t<div class=\"elementor-widget-container\">\n\t\t\t\t\t\t\t<div class=\"elementor-divider\">\n\t\t\t<span class=\"elementor-divider-separator\">\n\t\t\t\t\t\t<\/span>\n\t\t<\/div>\n\t\t\t\t\t\t<\/div>\n\t\t\t\t<\/div>\n\t\t\t\t<div class=\"elementor-element elementor-element-9688737 elementor-widget elementor-widget-heading\" data-id=\"9688737\" data-element_type=\"widget\" data-e-type=\"widget\" data-widget_type=\"heading.default\">\n\t\t\t\t<div class=\"elementor-widget-container\">\n\t\t\t\t\t<h2 class=\"elementor-heading-title elementor-size-default\">Gr\u00e1fica. Tasa de cobertura bruta en educaci\u00f3n superior por departamento, comparativo con la tasa de Colombia y de Bogot\u00e1, Distrito Capital.<\/h2>\t\t\t\t<\/div>\n\t\t\t\t<\/div>\n\t\t\t\t\t<\/div>\n\t\t\t\t<\/div>\n\t\t<div class=\"elementor-element elementor-element-b1fe1d6 e-flex e-con-boxed e-con e-parent\" data-id=\"b1fe1d6\" data-element_type=\"container\" data-e-type=\"container\">\n\t\t\t\t\t<div class=\"e-con-inner\">\n\t\t\t\t<div class=\"elementor-element elementor-element-255b3c9 elementor-widget elementor-widget-html\" data-id=\"255b3c9\" data-element_type=\"widget\" data-e-type=\"widget\" data-widget_type=\"html.default\">\n\t\t\t\t<div class=\"elementor-widget-container\">\n\t\t\t\t\t<div class=\"flourish-embed flourish-chart\" data-src=\"visualisation\/22121837\"><script src=\"https:\/\/public.flourish.studio\/resources\/embed.js\"><\/script><noscript><img decoding=\"async\" src=\"https:\/\/public.flourish.studio\/visualisation\/22121837\/thumbnail\" width=\"100%\" alt=\"chart visualization\" \/><\/noscript><\/div>\t\t\t\t<\/div>\n\t\t\t\t<\/div>\n\t\t\t\t\t<\/div>\n\t\t\t\t<\/div>\n\t\t<div class=\"elementor-element elementor-element-6e48aa5 e-flex e-con-boxed e-con e-parent\" data-id=\"6e48aa5\" data-element_type=\"container\" data-e-type=\"container\">\n\t\t\t\t\t<div class=\"e-con-inner\">\n\t\t\t\t<div class=\"elementor-element elementor-element-0328349 elementor-widget-divider--view-line elementor-widget elementor-widget-divider\" data-id=\"0328349\" data-element_type=\"widget\" data-e-type=\"widget\" data-widget_type=\"divider.default\">\n\t\t\t\t<div class=\"elementor-widget-container\">\n\t\t\t\t\t\t\t<div class=\"elementor-divider\">\n\t\t\t<span class=\"elementor-divider-separator\">\n\t\t\t\t\t\t<\/span>\n\t\t<\/div>\n\t\t\t\t\t\t<\/div>\n\t\t\t\t<\/div>\n\t\t\t\t<div class=\"elementor-element elementor-element-901ea91 elementor--h-position-center elementor--v-position-middle elementor-arrows-position-inside elementor-pagination-position-inside elementor-widget elementor-widget-slides\" data-id=\"901ea91\" data-element_type=\"widget\" data-e-type=\"widget\" data-settings=\"{&quot;navigation&quot;:&quot;both&quot;,&quot;autoplay&quot;:&quot;yes&quot;,&quot;pause_on_hover&quot;:&quot;yes&quot;,&quot;pause_on_interaction&quot;:&quot;yes&quot;,&quot;autoplay_speed&quot;:5000,&quot;infinite&quot;:&quot;yes&quot;,&quot;transition&quot;:&quot;slide&quot;,&quot;transition_speed&quot;:500}\" data-widget_type=\"slides.default\">\n\t\t\t\t<div class=\"elementor-widget-container\">\n\t\t\t\t\t\t\t\t\t<div class=\"elementor-swiper\">\n\t\t\t\t\t<div class=\"elementor-slides-wrapper elementor-main-swiper swiper\" role=\"region\" aria-roledescription=\"carousel\" aria-label=\"Slides\" dir=\"ltr\" data-animation=\"fadeInUp\">\n\t\t\t\t<div class=\"swiper-wrapper elementor-slides\">\n\t\t\t\t\t\t\t\t\t\t<div class=\"elementor-repeater-item-3416303 swiper-slide\" role=\"group\" aria-roledescription=\"slide\"><div class=\"swiper-slide-bg\" role=\"img\" aria-label=\"Captura de pantalla 2025-03-16 200953\"><\/div><div class=\"swiper-slide-inner\" ><div class=\"swiper-slide-contents\"><div class=\"elementor-slide-heading\">Tasa de cobertura bruta en educaci\u00f3n superior (TCB- ES)<\/div><div class=\"elementor-slide-description\">Este indicador del Ministerio de Educaci\u00f3n muestra la relaci\u00f3n entre los alumnos matriculados en el nivel de pregrado (nivel de formaci\u00f3n t\u00e9cnico profesional, tecnol\u00f3gico y universitario) en Instituciones de Educaci\u00f3n Superior,  en s\u00edntesis, eval\u00faa la capacidad de un territorio en cuanto a la oferta de educaci\u00f3n superior y  la poblaci\u00f3n joven (17 y 21 a\u00f1os de edad) del mismo territorio que accede a dicha oferta.<\/div><\/div><\/div><\/div><div class=\"elementor-repeater-item-5dd05ac swiper-slide\" role=\"group\" aria-roledescription=\"slide\"><div class=\"swiper-slide-bg\" role=\"img\" aria-label=\"2\"><\/div><div class=\"swiper-slide-inner\" ><div class=\"swiper-slide-contents\"><div class=\"elementor-slide-heading\">En 2023, en Colombia la tasa de Cobertura bruta en educaci\u00f3n superior se ubic\u00f3  en 55.38%<\/div><div class=\"elementor-slide-description\">En los \u00faltimos 10 a\u00f1os la tasa se incremento 8 pp (+ 313.794 j\u00f3venes de 17 a 21 a\u00f1os que accedieron al sistema de educaci\u00f3n superior) <\/div><\/div><\/div><\/div><div class=\"elementor-repeater-item-a361a79 swiper-slide\" role=\"group\" aria-roledescription=\"slide\"><div class=\"swiper-slide-bg\" role=\"img\" aria-label=\"3\"><\/div><div class=\"swiper-slide-inner\" ><div class=\"swiper-slide-contents\"><div class=\"elementor-slide-heading\">En el a\u00f1o 2023, solo 7 de los 32 departamentos del pa\u00eds tuvieron una TCB-ES  por encima de la media nacional<\/div><\/div><\/div><\/div><div class=\"elementor-repeater-item-59af0be swiper-slide\" role=\"group\" aria-roledescription=\"slide\"><div class=\"swiper-slide-bg\" role=\"img\" aria-label=\"4\"><\/div><div class=\"swiper-slide-inner\" ><div class=\"swiper-slide-contents\"><div class=\"elementor-slide-heading\">23 Ciudades (2% de los municipios de Colombia) presentaron una tasa superior al 100%, <\/div><div class=\"elementor-slide-description\">Lo anterior,  infiere la capacidad de estos centros poblados para atender poblaci\u00f3n de otras regiones, pero a la vez demuestra la necesidad que tienen los j\u00f3venes para desplazarse en b\u00fasqueda de la oferta.<\/div><\/div><\/div><\/div><div class=\"elementor-repeater-item-f5172e3 swiper-slide\" role=\"group\" aria-roledescription=\"slide\"><div class=\"swiper-slide-bg\" role=\"img\" aria-label=\"1\"><\/div><div class=\"swiper-slide-inner\" ><div class=\"swiper-slide-contents\"><div class=\"elementor-slide-heading\">En contraste, el 61% de los municipios de Colombia no registraron oferta de educaci\u00f3n superior (TCB-ES del 0%)<\/div><div class=\"elementor-slide-description\">El 84% de estos municipios tienen un \u00edndice de ruralidad de 40% o m\u00e1s.<\/div><\/div><\/div><\/div><div class=\"elementor-repeater-item-0a67141 swiper-slide\" role=\"group\" aria-roledescription=\"slide\"><div class=\"swiper-slide-bg\"><\/div><div class=\"swiper-slide-inner\" ><div class=\"swiper-slide-contents\"><div class=\"elementor-slide-heading\">Consultando el siguiente tablero de informaci\u00f3n los usuarios pueden identificar:<\/div><div class=\"elementor-slide-description\">\u2022\tEl ranking de los departamentos y municipios con mejores y m\u00e1s bajos \u00edndices de TCB-ES \n\u2022\tLa relaci\u00f3n de la TCB-ES con la ruralidad de los municipios\n\u2022\tLa relaci\u00f3n de la TCB-ES con la tasa de tr\u00e1nsito inmediato a educaci\u00f3n por municipio\n<\/div><\/div><\/div><\/div>\t\t\t\t<\/div>\n\t\t\t\t\t\t\t\t\t\t\t\t\t\t\t<div class=\"elementor-swiper-button elementor-swiper-button-prev\" role=\"button\" tabindex=\"0\" aria-label=\"Diapositiva anterior\">\n\t\t\t\t\t\t\t<svg aria-hidden=\"true\" class=\"e-font-icon-svg e-eicon-chevron-left\" viewBox=\"0 0 1000 1000\" xmlns=\"http:\/\/www.w3.org\/2000\/svg\"><path d=\"M646 125C629 125 613 133 604 142L308 442C296 454 292 471 292 487 292 504 296 521 308 533L604 854C617 867 629 875 646 875 663 875 679 871 692 858 704 846 713 829 713 812 713 796 708 779 692 767L438 487 692 225C700 217 708 204 708 187 708 171 704 154 692 142 675 129 663 125 646 125Z\"><\/path><\/svg>\t\t\t\t\t\t<\/div>\n\t\t\t\t\t\t<div class=\"elementor-swiper-button elementor-swiper-button-next\" role=\"button\" tabindex=\"0\" aria-label=\"Diapositiva siguiente\">\n\t\t\t\t\t\t\t<svg aria-hidden=\"true\" class=\"e-font-icon-svg e-eicon-chevron-right\" viewBox=\"0 0 1000 1000\" xmlns=\"http:\/\/www.w3.org\/2000\/svg\"><path d=\"M696 533C708 521 713 504 713 487 713 471 708 454 696 446L400 146C388 133 375 125 354 125 338 125 325 129 313 142 300 154 292 171 292 187 292 204 296 221 308 233L563 492 304 771C292 783 288 800 288 817 288 833 296 850 308 863 321 871 338 875 354 875 371 875 388 867 400 854L696 533Z\"><\/path><\/svg>\t\t\t\t\t\t<\/div>\n\t\t\t\t\t\t\t\t\t\t\t\t\t\t\t\t<div class=\"swiper-pagination\"><\/div>\n\t\t\t\t\t\t\t\t\t\t\t\t<\/div>\n\t\t\t\t<\/div>\n\t\t\t\t\t\t\t\t<\/div>\n\t\t\t\t<\/div>\n\t\t\t\t<div class=\"elementor-element elementor-element-de25c96 elementor-widget-divider--view-line elementor-widget elementor-widget-divider\" data-id=\"de25c96\" data-element_type=\"widget\" data-e-type=\"widget\" data-widget_type=\"divider.default\">\n\t\t\t\t<div class=\"elementor-widget-container\">\n\t\t\t\t\t\t\t<div class=\"elementor-divider\">\n\t\t\t<span class=\"elementor-divider-separator\">\n\t\t\t\t\t\t<\/span>\n\t\t<\/div>\n\t\t\t\t\t\t<\/div>\n\t\t\t\t<\/div>\n\t\t\t\t<div class=\"elementor-element elementor-element-4084f1c elementor-widget elementor-widget-heading\" data-id=\"4084f1c\" data-element_type=\"widget\" data-e-type=\"widget\" data-widget_type=\"heading.default\">\n\t\t\t\t<div class=\"elementor-widget-container\">\n\t\t\t\t\t<h2 class=\"elementor-heading-title elementor-size-default\">Tablero. An\u00e1lisis de la tasa de cobertura bruta en educaci\u00f3n superior por departamentos y municipios. Comparativo con la media nacional y Bogot\u00e1, Distrito Capital. Correlaci\u00f3n con variables de ruralidad y tasa de tr\u00e1nsito inmediato a educaci\u00f3n superior .<\/h2>\t\t\t\t<\/div>\n\t\t\t\t<\/div>\n\t\t\t\t\t<\/div>\n\t\t\t\t<\/div>\n\t\t<div class=\"elementor-element elementor-element-3d72304 e-flex e-con-boxed e-con e-parent\" data-id=\"3d72304\" data-element_type=\"container\" data-e-type=\"container\">\n\t\t\t\t\t<div class=\"e-con-inner\">\n\t\t\t\t<div class=\"elementor-element elementor-element-3d74b3c elementor-widget elementor-widget-html\" data-id=\"3d74b3c\" data-element_type=\"widget\" data-e-type=\"widget\" data-widget_type=\"html.default\">\n\t\t\t\t<div class=\"elementor-widget-container\">\n\t\t\t\t\t<iframe width=\"1750\" height=\"650\" src=\"https:\/\/lookerstudio.google.com\/embed\/reporting\/98495c90-af1b-49f2-af9b-6ee94198d89f\/page\/qTe2E\" frameborder=\"0\" style=\"border:0\" allowfullscreen sandbox=\"allow-storage-access-by-user-activation allow-scripts allow-same-origin allow-popups allow-popups-to-escape-sandbox\"><\/iframe>\t\t\t\t<\/div>\n\t\t\t\t<\/div>\n\t\t\t\t\t<\/div>\n\t\t\t\t<\/div>\n\t\t\t\t<\/div>\n\t\t","protected":false},"excerpt":{"rendered":"<p>An\u00e1lisis de la tasa de cobertura bruta en educaci\u00f3n superior en Colombia El indicador La tasa de cobertura bruta en educaci\u00f3n superior muestra la relaci\u00f3n entre los alumnos matriculados en el nivel de pregrado (t\u00e9cnico profesional, tecnol\u00f3gico y universitario), por tanto, mide la participaci\u00f3n de los j\u00f3venes y adultos que se encuentran efectivamente cursando un &hellip; <\/p>\n<p class=\"link-more\"><a href=\"https:\/\/luisfernandoviancha.com\/index.php\/tasa-de-cobertura-bruta\/\" class=\"more-link\">Continuar leyendo<span class=\"screen-reader-text\"> \u00abTasa de Cobertura Bruta\u00bb<\/span><\/a><\/p>\n","protected":false},"author":1,"featured_media":0,"parent":0,"menu_order":0,"comment_status":"closed","ping_status":"closed","template":"elementor_header_footer","meta":{"footnotes":""},"class_list":["post-2433","page","type-page","status-publish","hentry"],"_links":{"self":[{"href":"https:\/\/luisfernandoviancha.com\/index.php\/wp-json\/wp\/v2\/pages\/2433","targetHints":{"allow":["GET"]}}],"collection":[{"href":"https:\/\/luisfernandoviancha.com\/index.php\/wp-json\/wp\/v2\/pages"}],"about":[{"href":"https:\/\/luisfernandoviancha.com\/index.php\/wp-json\/wp\/v2\/types\/page"}],"author":[{"embeddable":true,"href":"https:\/\/luisfernandoviancha.com\/index.php\/wp-json\/wp\/v2\/users\/1"}],"replies":[{"embeddable":true,"href":"https:\/\/luisfernandoviancha.com\/index.php\/wp-json\/wp\/v2\/comments?post=2433"}],"version-history":[{"count":88,"href":"https:\/\/luisfernandoviancha.com\/index.php\/wp-json\/wp\/v2\/pages\/2433\/revisions"}],"predecessor-version":[{"id":5145,"href":"https:\/\/luisfernandoviancha.com\/index.php\/wp-json\/wp\/v2\/pages\/2433\/revisions\/5145"}],"wp:attachment":[{"href":"https:\/\/luisfernandoviancha.com\/index.php\/wp-json\/wp\/v2\/media?parent=2433"}],"curies":[{"name":"wp","href":"https:\/\/api.w.org\/{rel}","templated":true}]}}